{"id":1013,"date":"2025-09-17T19:41:15","date_gmt":"2025-09-17T17:41:15","guid":{"rendered":"https:\/\/hosting2347530.online.pro\/autoinstalator\/wordpress21\/?post_type=product&#038;p=1013"},"modified":"2025-10-09T11:00:45","modified_gmt":"2025-10-09T09:00:45","slug":"tr50-2440b","status":"publish","type":"product","link":"https:\/\/www.turinrobotics.eu\/uk\/product\/tr50-2440b\/","title":{"rendered":"TR50-2440B"},"content":{"rendered":"<p><b>6-\u043e\u0441\u044c\u043e\u0432\u0438\u0439 \u0440\u043e\u0431\u043e\u0442 TR50-2440B TURIN \u2013 \u0432\u0440\u0430\u0436\u0430\u044e\u0447\u0438\u0439 \u0440\u043e\u0431\u043e\u0447\u0438\u0439 \u0434\u0456\u0430\u043f\u0430\u0437\u043e\u043d \u0456 \u043f\u043e\u0442\u0443\u0436\u043d\u0456\u0441\u0442\u044c<\/b><\/p>\n<p>6-\u043e\u0441\u044c\u043e\u0432\u0438\u0439 \u0440\u043e\u0431\u043e\u0442 TR50-2440B TURIN \u043c\u0430\u0454 \u0432\u0430\u043d\u0442\u0430\u0436\u043e\u043f\u0456\u0434\u0439\u043e\u043c\u043d\u0456\u0441\u0442\u044c 50 \u043a\u0433 \u0456 \u0440\u043e\u0431\u043e\u0447\u0438\u0439 \u0440\u0430\u0434\u0456\u0443\u0441 2448 \u043c\u043c.\n\u0419\u043e\u0433\u043e \u0432\u0435\u043b\u0438\u043a\u0430 \u0432\u0430\u043d\u0442\u0430\u0436\u043e\u043f\u0456\u0434\u0439\u043e\u043c\u043d\u0456\u0441\u0442\u044c \u0456 \u0432\u0440\u0430\u0436\u0430\u044e\u0447\u0438\u0439 \u0434\u0456\u0430\u043f\u0430\u0437\u043e\u043d \u0440\u043e\u0431\u043e\u0442\u0438 \u0440\u043e\u0431\u043b\u044f\u0442\u044c \u0439\u043e\u0433\u043e \u0456\u0434\u0435\u0430\u043b\u044c\u043d\u0438\u043c \u0440\u0456\u0448\u0435\u043d\u043d\u044f\u043c \u0434\u043b\u044f \u043d\u0430\u0439\u0432\u0438\u043c\u043e\u0433\u043b\u0438\u0432\u0456\u0448\u0438\u0445 \u0437\u0430\u0441\u0442\u043e\u0441\u0443\u0432\u0430\u043d\u044c \u0443 \u0432\u0435\u043b\u0438\u043a\u0438\u0445 \u0440\u043e\u0431\u043e\u0447\u0438\u0445 \u0437\u043e\u043d\u0430\u0445, \u0434\u0435 \u043d\u0435\u043e\u0431\u0445\u0456\u0434\u043d\u0430 \u044f\u043a \u0442\u043e\u0447\u043d\u0430 \u043c\u0430\u043d\u0456\u043f\u0443\u043b\u044f\u0446\u0456\u044f, \u0442\u0430\u043a \u0456 \u043e\u0431\u0440\u043e\u0431\u043a\u0430 \u0432\u0430\u0436\u043a\u0438\u0445 \u043e\u0431\u2019\u0454\u043a\u0442\u0456\u0432 \u043d\u0430 \u0432\u0435\u043b\u0438\u043a\u0438\u0445 \u0432\u0456\u0434\u0441\u0442\u0430\u043d\u044f\u0445.<\/p>\n<p>&nbsp;<\/p>","protected":false},"excerpt":{"rendered":"<p>Robot 6-osiowy TR50-2440B TURIN \u2013 Imponuj\u0105cy Zasi\u0119g i Si\u0142a Robot 6-osiowy TR50-2440B TURIN to robot o ud\u017awigu 50 kg i zasi\u0119gu ramienia wynosz\u0105cym 2448 mm. Jego du\u017ca no\u015bno\u015b\u0107 oraz imponuj\u0105cy zasi\u0119g sprawiaj\u0105, \u017ce jest idealnym rozwi\u0105zaniem do najbardziej wymagaj\u0105cych aplikacji w rozbudowanych przestrzeniach roboczych, gdzie niezb\u0119dna jest zar\u00f3wno precyzyjna manipulacja, jak i obs\u0142uga ci\u0119\u017ckich \u0142adunk\u00f3w [&hellip;]<\/p>","protected":false},"featured_media":1030,"comment_status":"open","ping_status":"closed","template":"","meta":{"_acf_changed":false},"product_brand":[],"product_cat":[34,22,23],"product_tag":[],"class_list":{"0":"post-1013","1":"product","2":"type-product","3":"status-publish","4":"has-post-thumbnail","6":"product_cat-6-axis","7":"product_cat-industrial-robot","8":"product_cat-produkty","10":"first","11":"instock","12":"shipping-taxable","13":"product-type-simple"},"acf":[],"yoast_head":"<!-- This site is optimized with the Yoast SEO plugin v26.2 - https:\/\/yoast.com\/wordpress\/plugins\/seo\/ -->\n<title>TR50-2440B - TURIN - Empowering Automation with Advanced Robotics<\/title>\n<meta name=\"robots\" content=\"index, follow, max-snippet:-1, max-image-preview:large, max-video-preview:-1\" \/>\n<link rel=\"canonical\" href=\"https:\/\/www.turinrobotics.eu\/uk\/product\/tr50-2440b\/\" \/>\n<meta property=\"og:locale\" content=\"uk_UA\" \/>\n<meta property=\"og:type\" content=\"article\" \/>\n<meta property=\"og:title\" content=\"TR50-2440B - TURIN - Empowering Automation with Advanced Robotics\" \/>\n<meta property=\"og:description\" content=\"Robot 6-osiowy TR50-2440B TURIN \u2013 Imponuj\u0105cy Zasi\u0119g i Si\u0142a Robot 6-osiowy TR50-2440B TURIN to robot o ud\u017awigu 50 kg i zasi\u0119gu ramienia wynosz\u0105cym 2448 mm. Jego du\u017ca no\u015bno\u015b\u0107 oraz imponuj\u0105cy zasi\u0119g sprawiaj\u0105, \u017ce jest idealnym rozwi\u0105zaniem do najbardziej wymagaj\u0105cych aplikacji w rozbudowanych przestrzeniach roboczych, gdzie niezb\u0119dna jest zar\u00f3wno precyzyjna manipulacja, jak i obs\u0142uga ci\u0119\u017ckich \u0142adunk\u00f3w [&hellip;]\" \/>\n<meta property=\"og:url\" content=\"https:\/\/www.turinrobotics.eu\/uk\/product\/tr50-2440b\/\" \/>\n<meta property=\"og:site_name\" content=\"TURIN - Empowering Automation with Advanced Robotics\" \/>\n<meta property=\"article:modified_time\" content=\"2025-10-09T09:00:45+00:00\" \/>\n<meta property=\"og:image\" content=\"https:\/\/www.turinrobotics.eu\/wp-content\/uploads\/2025\/09\/robot_TR50-2440B.png\" \/>\n\t<meta property=\"og:image:width\" content=\"600\" \/>\n\t<meta property=\"og:image:height\" content=\"400\" \/>\n\t<meta property=\"og:image:type\" content=\"image\/png\" \/>\n<meta name=\"twitter:card\" content=\"summary_large_image\" \/>\n<script type=\"application\/ld+json\" class=\"yoast-schema-graph\">{\"@context\":\"https:\/\/schema.org\",\"@graph\":[{\"@type\":\"WebPage\",\"@id\":\"https:\/\/www.turinrobotics.eu\/produkt\/tr50-2440b\/\",\"url\":\"https:\/\/www.turinrobotics.eu\/produkt\/tr50-2440b\/\",\"name\":\"TR50-2440B - TURIN - Empowering Automation with Advanced Robotics\",\"isPartOf\":{\"@id\":\"https:\/\/www.turinrobotics.eu\/#website\"},\"primaryImageOfPage\":{\"@id\":\"https:\/\/www.turinrobotics.eu\/produkt\/tr50-2440b\/#primaryimage\"},\"image\":{\"@id\":\"https:\/\/www.turinrobotics.eu\/produkt\/tr50-2440b\/#primaryimage\"},\"thumbnailUrl\":\"https:\/\/www.turinrobotics.eu\/wp-content\/uploads\/2025\/09\/robot_TR50-2440B.png\",\"datePublished\":\"2025-09-17T17:41:15+00:00\",\"dateModified\":\"2025-10-09T09:00:45+00:00\",\"breadcrumb\":{\"@id\":\"https:\/\/www.turinrobotics.eu\/produkt\/tr50-2440b\/#breadcrumb\"},\"inLanguage\":\"uk\",\"potentialAction\":[{\"@type\":\"ReadAction\",\"target\":[\"https:\/\/www.turinrobotics.eu\/produkt\/tr50-2440b\/\"]}]},{\"@type\":\"ImageObject\",\"inLanguage\":\"uk\",\"@id\":\"https:\/\/www.turinrobotics.eu\/produkt\/tr50-2440b\/#primaryimage\",\"url\":\"https:\/\/www.turinrobotics.eu\/wp-content\/uploads\/2025\/09\/robot_TR50-2440B.png\",\"contentUrl\":\"https:\/\/www.turinrobotics.eu\/wp-content\/uploads\/2025\/09\/robot_TR50-2440B.png\",\"width\":600,\"height\":400},{\"@type\":\"BreadcrumbList\",\"@id\":\"https:\/\/www.turinrobotics.eu\/produkt\/tr50-2440b\/#breadcrumb\",\"itemListElement\":[{\"@type\":\"ListItem\",\"position\":1,\"name\":\"Strona g\u0142\u00f3wna\",\"item\":\"https:\/\/www.turinrobotics.eu\/\"},{\"@type\":\"ListItem\",\"position\":2,\"name\":\"Produkty\",\"item\":\"https:\/\/www.turinrobotics.eu\/shop\/\"},{\"@type\":\"ListItem\",\"position\":3,\"name\":\"TR50-2440B\"}]},{\"@type\":\"WebSite\",\"@id\":\"https:\/\/www.turinrobotics.eu\/#website\",\"url\":\"https:\/\/www.turinrobotics.eu\/\",\"name\":\"TURIN Central Europe\",\"description\":\"\",\"publisher\":{\"@id\":\"https:\/\/www.turinrobotics.eu\/#organization\"},\"potentialAction\":[{\"@type\":\"SearchAction\",\"target\":{\"@type\":\"EntryPoint\",\"urlTemplate\":\"https:\/\/www.turinrobotics.eu\/?s={search_term_string}\"},\"query-input\":{\"@type\":\"PropertyValueSpecification\",\"valueRequired\":true,\"valueName\":\"search_term_string\"}}],\"inLanguage\":\"uk\"},{\"@type\":\"Organization\",\"@id\":\"https:\/\/www.turinrobotics.eu\/#organization\",\"name\":\"TURIN - Empowering Automation with Advanced Robotics\",\"url\":\"https:\/\/www.turinrobotics.eu\/\",\"logo\":{\"@type\":\"ImageObject\",\"inLanguage\":\"uk\",\"@id\":\"https:\/\/www.turinrobotics.eu\/#\/schema\/logo\/image\/\",\"url\":\"https:\/\/www.turinrobotics.eu\/wp-content\/uploads\/2025\/08\/logo.png\",\"contentUrl\":\"https:\/\/www.turinrobotics.eu\/wp-content\/uploads\/2025\/08\/logo.png\",\"width\":331,\"height\":60,\"caption\":\"TURIN - Empowering Automation with Advanced Robotics\"},\"image\":{\"@id\":\"https:\/\/www.turinrobotics.eu\/#\/schema\/logo\/image\/\"}}]}<\/script>\n<!-- \/ Yoast SEO plugin. -->","yoast_head_json":{"title":"TR50-2440B - TURIN - Empowering Automation with Advanced Robotics","robots":{"index":"index","follow":"follow","max-snippet":"max-snippet:-1","max-image-preview":"max-image-preview:large","max-video-preview":"max-video-preview:-1"},"canonical":"https:\/\/www.turinrobotics.eu\/uk\/product\/tr50-2440b\/","og_locale":"uk_UA","og_type":"article","og_title":"TR50-2440B - TURIN - Empowering Automation with Advanced Robotics","og_description":"Robot 6-osiowy TR50-2440B TURIN \u2013 Imponuj\u0105cy Zasi\u0119g i Si\u0142a Robot 6-osiowy TR50-2440B TURIN to robot o ud\u017awigu 50 kg i zasi\u0119gu ramienia wynosz\u0105cym 2448 mm. Jego du\u017ca no\u015bno\u015b\u0107 oraz imponuj\u0105cy zasi\u0119g sprawiaj\u0105, \u017ce jest idealnym rozwi\u0105zaniem do najbardziej wymagaj\u0105cych aplikacji w rozbudowanych przestrzeniach roboczych, gdzie niezb\u0119dna jest zar\u00f3wno precyzyjna manipulacja, jak i obs\u0142uga ci\u0119\u017ckich \u0142adunk\u00f3w [&hellip;]","og_url":"https:\/\/www.turinrobotics.eu\/uk\/product\/tr50-2440b\/","og_site_name":"TURIN - Empowering Automation with Advanced Robotics","article_modified_time":"2025-10-09T09:00:45+00:00","og_image":[{"width":600,"height":400,"url":"https:\/\/www.turinrobotics.eu\/wp-content\/uploads\/2025\/09\/robot_TR50-2440B.png","type":"image\/png"}],"twitter_card":"summary_large_image","schema":{"@context":"https:\/\/schema.org","@graph":[{"@type":"WebPage","@id":"https:\/\/www.turinrobotics.eu\/produkt\/tr50-2440b\/","url":"https:\/\/www.turinrobotics.eu\/produkt\/tr50-2440b\/","name":"TR50-2440B - TURIN - Empowering Automation with Advanced Robotics","isPartOf":{"@id":"https:\/\/www.turinrobotics.eu\/#website"},"primaryImageOfPage":{"@id":"https:\/\/www.turinrobotics.eu\/produkt\/tr50-2440b\/#primaryimage"},"image":{"@id":"https:\/\/www.turinrobotics.eu\/produkt\/tr50-2440b\/#primaryimage"},"thumbnailUrl":"https:\/\/www.turinrobotics.eu\/wp-content\/uploads\/2025\/09\/robot_TR50-2440B.png","datePublished":"2025-09-17T17:41:15+00:00","dateModified":"2025-10-09T09:00:45+00:00","breadcrumb":{"@id":"https:\/\/www.turinrobotics.eu\/produkt\/tr50-2440b\/#breadcrumb"},"inLanguage":"uk","potentialAction":[{"@type":"ReadAction","target":["https:\/\/www.turinrobotics.eu\/produkt\/tr50-2440b\/"]}]},{"@type":"ImageObject","inLanguage":"uk","@id":"https:\/\/www.turinrobotics.eu\/produkt\/tr50-2440b\/#primaryimage","url":"https:\/\/www.turinrobotics.eu\/wp-content\/uploads\/2025\/09\/robot_TR50-2440B.png","contentUrl":"https:\/\/www.turinrobotics.eu\/wp-content\/uploads\/2025\/09\/robot_TR50-2440B.png","width":600,"height":400},{"@type":"BreadcrumbList","@id":"https:\/\/www.turinrobotics.eu\/produkt\/tr50-2440b\/#breadcrumb","itemListElement":[{"@type":"ListItem","position":1,"name":"Strona g\u0142\u00f3wna","item":"https:\/\/www.turinrobotics.eu\/"},{"@type":"ListItem","position":2,"name":"Produkty","item":"https:\/\/www.turinrobotics.eu\/shop\/"},{"@type":"ListItem","position":3,"name":"TR50-2440B"}]},{"@type":"WebSite","@id":"https:\/\/www.turinrobotics.eu\/#website","url":"https:\/\/www.turinrobotics.eu\/","name":"TURIN Central Europe","description":"","publisher":{"@id":"https:\/\/www.turinrobotics.eu\/#organization"},"potentialAction":[{"@type":"SearchAction","target":{"@type":"EntryPoint","urlTemplate":"https:\/\/www.turinrobotics.eu\/?s={search_term_string}"},"query-input":{"@type":"PropertyValueSpecification","valueRequired":true,"valueName":"search_term_string"}}],"inLanguage":"uk"},{"@type":"Organization","@id":"https:\/\/www.turinrobotics.eu\/#organization","name":"TURIN - Empowering Automation with Advanced Robotics","url":"https:\/\/www.turinrobotics.eu\/","logo":{"@type":"ImageObject","inLanguage":"uk","@id":"https:\/\/www.turinrobotics.eu\/#\/schema\/logo\/image\/","url":"https:\/\/www.turinrobotics.eu\/wp-content\/uploads\/2025\/08\/logo.png","contentUrl":"https:\/\/www.turinrobotics.eu\/wp-content\/uploads\/2025\/08\/logo.png","width":331,"height":60,"caption":"TURIN - Empowering Automation with Advanced Robotics"},"image":{"@id":"https:\/\/www.turinrobotics.eu\/#\/schema\/logo\/image\/"}}]}},"_links":{"self":[{"href":"https:\/\/www.turinrobotics.eu\/uk\/wp-json\/wp\/v2\/product\/1013","targetHints":{"allow":["GET"]}}],"collection":[{"href":"https:\/\/www.turinrobotics.eu\/uk\/wp-json\/wp\/v2\/product"}],"about":[{"href":"https:\/\/www.turinrobotics.eu\/uk\/wp-json\/wp\/v2\/types\/product"}],"replies":[{"embeddable":true,"href":"https:\/\/www.turinrobotics.eu\/uk\/wp-json\/wp\/v2\/comments?post=1013"}],"wp:featuredmedia":[{"embeddable":true,"href":"https:\/\/www.turinrobotics.eu\/uk\/wp-json\/wp\/v2\/media\/1030"}],"wp:attachment":[{"href":"https:\/\/www.turinrobotics.eu\/uk\/wp-json\/wp\/v2\/media?parent=1013"}],"wp:term":[{"taxonomy":"product_brand","embeddable":true,"href":"https:\/\/www.turinrobotics.eu\/uk\/wp-json\/wp\/v2\/product_brand?post=1013"},{"taxonomy":"product_cat","embeddable":true,"href":"https:\/\/www.turinrobotics.eu\/uk\/wp-json\/wp\/v2\/product_cat?post=1013"},{"taxonomy":"product_tag","embeddable":true,"href":"https:\/\/www.turinrobotics.eu\/uk\/wp-json\/wp\/v2\/product_tag?post=1013"}],"curies":[{"name":"wp","href":"https:\/\/api.w.org\/{rel}","templated":true}]}}