{"id":1072,"date":"2025-09-22T21:21:17","date_gmt":"2025-09-22T19:21:17","guid":{"rendered":"https:\/\/hosting2347530.online.pro\/autoinstalator\/wordpress21\/?post_type=product&#038;p=1072"},"modified":"2025-10-07T13:32:26","modified_gmt":"2025-10-07T11:32:26","slug":"tr20-1650c","status":"publish","type":"product","link":"https:\/\/www.turinrobotics.eu\/uk\/product\/tr20-1650c\/","title":{"rendered":"TR20-1650C"},"content":{"rendered":"<p><b>\u041a\u043e\u0431\u043e\u0442 TR20-1650C TURIN \u2013 \u043c\u0430\u043a\u0441\u0438\u043c\u0430\u043b\u044c\u043d\u0430 \u043f\u043e\u0442\u0443\u0436\u043d\u0456\u0441\u0442\u044c \u0432 \u0430\u0432\u0442\u043e\u043c\u0430\u0442\u0438\u0437\u0430\u0446\u0456\u0457<\/b><\/p>\n<p>\u041a\u043e\u0431\u043e\u0442 TR20-1650C TURIN \u2013 \u0446\u0435 \u043a\u043e\u043e\u043f\u0435\u0440\u0430\u0442\u0438\u0432\u043d\u0438\u0439 \u0440\u043e\u0431\u043e\u0442, \u0441\u0442\u0432\u043e\u0440\u0435\u043d\u0438\u0439 \u0434\u043b\u044f \u043e\u0431\u0441\u043b\u0443\u0433\u043e\u0432\u0443\u0432\u0430\u043d\u043d\u044f \u0432\u0430\u0436\u043a\u0438\u0445 \u043a\u043e\u043c\u043f\u043e\u043d\u0435\u043d\u0442\u0456\u0432 \u0456 \u0440\u043e\u0431\u043e\u0442\u0438 \u0443 \u0432\u0435\u043b\u0438\u043a\u0438\u0445 \u0440\u043e\u0431\u043e\u0447\u0438\u0445 \u043f\u0440\u043e\u0441\u0442\u043e\u0440\u0430\u0445. \u0417\u0430\u0432\u0434\u044f\u043a\u0438 \u0432\u0440\u0430\u0436\u0430\u044e\u0447\u0456\u0439 \u0432\u0430\u043d\u0442\u0430\u0436\u043e\u043f\u0456\u0434\u0439\u043e\u043c\u043d\u043e\u0441\u0442\u0456 20 \u043a\u0433 \u0442\u0430 \u0440\u043e\u0431\u043e\u0447\u043e\u043c\u0443 \u0440\u0430\u0434\u0456\u0443\u0441\u0443 1650 \u043c\u043c \u0432\u0456\u043d \u0437\u0430\u0431\u0435\u0437\u043f\u0435\u0447\u0443\u0454 \u043f\u0440\u043e\u0434\u0443\u043a\u0442\u0438\u0432\u043d\u0456\u0441\u0442\u044c, \u0442\u043e\u0447\u043d\u0456\u0441\u0442\u044c \u0456 \u0431\u0435\u0437\u043f\u0435\u043a\u0443 \u0432 \u0440\u0456\u0437\u043d\u0438\u0445 \u043f\u0440\u043e\u043c\u0438\u0441\u043b\u043e\u0432\u0438\u0445 \u0437\u0430\u0441\u0442\u043e\u0441\u0443\u0432\u0430\u043d\u043d\u044f\u0445. \u0420\u043e\u0437\u0448\u0438\u0440\u0435\u043d\u0456 \u0444\u0443\u043d\u043a\u0446\u0456\u0457 \u0437\u0430\u0445\u0438\u0441\u0442\u0443 \u0434\u0430\u044e\u0442\u044c \u0437\u043c\u043e\u0433\u0443 \u0431\u0435\u0437\u043f\u0435\u0447\u043d\u043e \u0432\u0437\u0430\u0454\u043c\u043e\u0434\u0456\u044f\u0442\u0438 \u0437 \u043b\u044e\u0434\u044c\u043c\u0438, \u043f\u0456\u0434\u0432\u0438\u0449\u0443\u044e\u0447\u0438 \u0435\u0444\u0435\u043a\u0442\u0438\u0432\u043d\u0456\u0441\u0442\u044c \u043f\u0440\u043e\u0446\u0435\u0441\u0456\u0432.<\/p>","protected":false},"excerpt":{"rendered":"<p>Cobot TR20-1650C TURIN \u2013 Maksymalna Moc w Automatyzacji Cobot TR20-1650C TURIN to robot wsp\u00f3\u0142pracuj\u0105cy stworzony do obs\u0142ugi ci\u0119\u017cszych komponent\u00f3w i pracy w wi\u0119kszych przestrzeniach roboczych. Dzi\u0119ki imponuj\u0105cemu ud\u017awigowi 20 kg i zasi\u0119gowi ramienia 1650 mm, zapewnia wydajno\u015b\u0107, precyzj\u0119 i bezpiecze\u0144stwo w r\u00f3\u017cnorodnych aplikacjach przemys\u0142owych. Zaawansowane funkcje ochronne pozwalaj\u0105 na bezpieczn\u0105 wsp\u00f3\u0142prac\u0119 z lud\u017ami, zwi\u0119kszaj\u0105c efektywno\u015b\u0107 [&hellip;]<\/p>","protected":false},"featured_media":1073,"comment_status":"open","ping_status":"closed","template":"","meta":{"_acf_changed":false},"product_brand":[],"product_cat":[26,23],"product_tag":[],"class_list":{"0":"post-1072","1":"product","2":"type-product","3":"status-publish","4":"has-post-thumbnail","6":"product_cat-collaborative-robot","7":"product_cat-produkty","9":"first","10":"instock","11":"shipping-taxable","12":"product-type-simple"},"acf":[],"yoast_head":"<!-- This site is optimized with the Yoast SEO plugin v26.2 - https:\/\/yoast.com\/wordpress\/plugins\/seo\/ -->\n<title>TR20-1650C - TURIN - Empowering Automation with Advanced Robotics<\/title>\n<meta name=\"robots\" content=\"index, follow, max-snippet:-1, max-image-preview:large, max-video-preview:-1\" \/>\n<link rel=\"canonical\" href=\"https:\/\/www.turinrobotics.eu\/uk\/product\/tr20-1650c\/\" \/>\n<meta property=\"og:locale\" content=\"uk_UA\" \/>\n<meta property=\"og:type\" content=\"article\" \/>\n<meta property=\"og:title\" content=\"TR20-1650C - TURIN - Empowering Automation with Advanced Robotics\" \/>\n<meta property=\"og:description\" content=\"Cobot TR20-1650C TURIN \u2013 Maksymalna Moc w Automatyzacji Cobot TR20-1650C TURIN to robot wsp\u00f3\u0142pracuj\u0105cy stworzony do obs\u0142ugi ci\u0119\u017cszych komponent\u00f3w i pracy w wi\u0119kszych przestrzeniach roboczych. Dzi\u0119ki imponuj\u0105cemu ud\u017awigowi 20 kg i zasi\u0119gowi ramienia 1650 mm, zapewnia wydajno\u015b\u0107, precyzj\u0119 i bezpiecze\u0144stwo w r\u00f3\u017cnorodnych aplikacjach przemys\u0142owych. Zaawansowane funkcje ochronne pozwalaj\u0105 na bezpieczn\u0105 wsp\u00f3\u0142prac\u0119 z lud\u017ami, zwi\u0119kszaj\u0105c efektywno\u015b\u0107 [&hellip;]\" \/>\n<meta property=\"og:url\" content=\"https:\/\/www.turinrobotics.eu\/uk\/product\/tr20-1650c\/\" \/>\n<meta property=\"og:site_name\" content=\"TURIN - Empowering Automation with Advanced Robotics\" \/>\n<meta property=\"article:modified_time\" content=\"2025-10-07T11:32:26+00:00\" \/>\n<meta property=\"og:image\" content=\"https:\/\/www.turinrobotics.eu\/wp-content\/uploads\/2025\/09\/cobot_TR20-1650C.png\" \/>\n\t<meta property=\"og:image:width\" content=\"800\" \/>\n\t<meta property=\"og:image:height\" content=\"600\" \/>\n\t<meta property=\"og:image:type\" content=\"image\/png\" \/>\n<meta name=\"twitter:card\" content=\"summary_large_image\" \/>\n<script type=\"application\/ld+json\" class=\"yoast-schema-graph\">{\"@context\":\"https:\/\/schema.org\",\"@graph\":[{\"@type\":\"WebPage\",\"@id\":\"https:\/\/www.turinrobotics.eu\/produkt\/tr20-1650c\/\",\"url\":\"https:\/\/www.turinrobotics.eu\/produkt\/tr20-1650c\/\",\"name\":\"TR20-1650C - TURIN - Empowering Automation with Advanced Robotics\",\"isPartOf\":{\"@id\":\"https:\/\/www.turinrobotics.eu\/#website\"},\"primaryImageOfPage\":{\"@id\":\"https:\/\/www.turinrobotics.eu\/produkt\/tr20-1650c\/#primaryimage\"},\"image\":{\"@id\":\"https:\/\/www.turinrobotics.eu\/produkt\/tr20-1650c\/#primaryimage\"},\"thumbnailUrl\":\"https:\/\/www.turinrobotics.eu\/wp-content\/uploads\/2025\/09\/cobot_TR20-1650C.png\",\"datePublished\":\"2025-09-22T19:21:17+00:00\",\"dateModified\":\"2025-10-07T11:32:26+00:00\",\"breadcrumb\":{\"@id\":\"https:\/\/www.turinrobotics.eu\/produkt\/tr20-1650c\/#breadcrumb\"},\"inLanguage\":\"uk\",\"potentialAction\":[{\"@type\":\"ReadAction\",\"target\":[\"https:\/\/www.turinrobotics.eu\/produkt\/tr20-1650c\/\"]}]},{\"@type\":\"ImageObject\",\"inLanguage\":\"uk\",\"@id\":\"https:\/\/www.turinrobotics.eu\/produkt\/tr20-1650c\/#primaryimage\",\"url\":\"https:\/\/www.turinrobotics.eu\/wp-content\/uploads\/2025\/09\/cobot_TR20-1650C.png\",\"contentUrl\":\"https:\/\/www.turinrobotics.eu\/wp-content\/uploads\/2025\/09\/cobot_TR20-1650C.png\",\"width\":800,\"height\":600},{\"@type\":\"BreadcrumbList\",\"@id\":\"https:\/\/www.turinrobotics.eu\/produkt\/tr20-1650c\/#breadcrumb\",\"itemListElement\":[{\"@type\":\"ListItem\",\"position\":1,\"name\":\"Strona g\u0142\u00f3wna\",\"item\":\"https:\/\/www.turinrobotics.eu\/\"},{\"@type\":\"ListItem\",\"position\":2,\"name\":\"Produkty\",\"item\":\"https:\/\/www.turinrobotics.eu\/shop\/\"},{\"@type\":\"ListItem\",\"position\":3,\"name\":\"TR20-1650C\"}]},{\"@type\":\"WebSite\",\"@id\":\"https:\/\/www.turinrobotics.eu\/#website\",\"url\":\"https:\/\/www.turinrobotics.eu\/\",\"name\":\"TURIN Central Europe\",\"description\":\"\",\"publisher\":{\"@id\":\"https:\/\/www.turinrobotics.eu\/#organization\"},\"potentialAction\":[{\"@type\":\"SearchAction\",\"target\":{\"@type\":\"EntryPoint\",\"urlTemplate\":\"https:\/\/www.turinrobotics.eu\/?s={search_term_string}\"},\"query-input\":{\"@type\":\"PropertyValueSpecification\",\"valueRequired\":true,\"valueName\":\"search_term_string\"}}],\"inLanguage\":\"uk\"},{\"@type\":\"Organization\",\"@id\":\"https:\/\/www.turinrobotics.eu\/#organization\",\"name\":\"TURIN - Empowering Automation with Advanced Robotics\",\"url\":\"https:\/\/www.turinrobotics.eu\/\",\"logo\":{\"@type\":\"ImageObject\",\"inLanguage\":\"uk\",\"@id\":\"https:\/\/www.turinrobotics.eu\/#\/schema\/logo\/image\/\",\"url\":\"https:\/\/www.turinrobotics.eu\/wp-content\/uploads\/2025\/08\/logo.png\",\"contentUrl\":\"https:\/\/www.turinrobotics.eu\/wp-content\/uploads\/2025\/08\/logo.png\",\"width\":331,\"height\":60,\"caption\":\"TURIN - Empowering Automation with Advanced Robotics\"},\"image\":{\"@id\":\"https:\/\/www.turinrobotics.eu\/#\/schema\/logo\/image\/\"}}]}<\/script>\n<!-- \/ Yoast SEO plugin. -->","yoast_head_json":{"title":"TR20-1650C - TURIN - Empowering Automation with Advanced Robotics","robots":{"index":"index","follow":"follow","max-snippet":"max-snippet:-1","max-image-preview":"max-image-preview:large","max-video-preview":"max-video-preview:-1"},"canonical":"https:\/\/www.turinrobotics.eu\/uk\/product\/tr20-1650c\/","og_locale":"uk_UA","og_type":"article","og_title":"TR20-1650C - TURIN - Empowering Automation with Advanced Robotics","og_description":"Cobot TR20-1650C TURIN \u2013 Maksymalna Moc w Automatyzacji Cobot TR20-1650C TURIN to robot wsp\u00f3\u0142pracuj\u0105cy stworzony do obs\u0142ugi ci\u0119\u017cszych komponent\u00f3w i pracy w wi\u0119kszych przestrzeniach roboczych. Dzi\u0119ki imponuj\u0105cemu ud\u017awigowi 20 kg i zasi\u0119gowi ramienia 1650 mm, zapewnia wydajno\u015b\u0107, precyzj\u0119 i bezpiecze\u0144stwo w r\u00f3\u017cnorodnych aplikacjach przemys\u0142owych. Zaawansowane funkcje ochronne pozwalaj\u0105 na bezpieczn\u0105 wsp\u00f3\u0142prac\u0119 z lud\u017ami, zwi\u0119kszaj\u0105c efektywno\u015b\u0107 [&hellip;]","og_url":"https:\/\/www.turinrobotics.eu\/uk\/product\/tr20-1650c\/","og_site_name":"TURIN - Empowering Automation with Advanced Robotics","article_modified_time":"2025-10-07T11:32:26+00:00","og_image":[{"width":800,"height":600,"url":"https:\/\/www.turinrobotics.eu\/wp-content\/uploads\/2025\/09\/cobot_TR20-1650C.png","type":"image\/png"}],"twitter_card":"summary_large_image","schema":{"@context":"https:\/\/schema.org","@graph":[{"@type":"WebPage","@id":"https:\/\/www.turinrobotics.eu\/produkt\/tr20-1650c\/","url":"https:\/\/www.turinrobotics.eu\/produkt\/tr20-1650c\/","name":"TR20-1650C - TURIN - Empowering Automation with Advanced Robotics","isPartOf":{"@id":"https:\/\/www.turinrobotics.eu\/#website"},"primaryImageOfPage":{"@id":"https:\/\/www.turinrobotics.eu\/produkt\/tr20-1650c\/#primaryimage"},"image":{"@id":"https:\/\/www.turinrobotics.eu\/produkt\/tr20-1650c\/#primaryimage"},"thumbnailUrl":"https:\/\/www.turinrobotics.eu\/wp-content\/uploads\/2025\/09\/cobot_TR20-1650C.png","datePublished":"2025-09-22T19:21:17+00:00","dateModified":"2025-10-07T11:32:26+00:00","breadcrumb":{"@id":"https:\/\/www.turinrobotics.eu\/produkt\/tr20-1650c\/#breadcrumb"},"inLanguage":"uk","potentialAction":[{"@type":"ReadAction","target":["https:\/\/www.turinrobotics.eu\/produkt\/tr20-1650c\/"]}]},{"@type":"ImageObject","inLanguage":"uk","@id":"https:\/\/www.turinrobotics.eu\/produkt\/tr20-1650c\/#primaryimage","url":"https:\/\/www.turinrobotics.eu\/wp-content\/uploads\/2025\/09\/cobot_TR20-1650C.png","contentUrl":"https:\/\/www.turinrobotics.eu\/wp-content\/uploads\/2025\/09\/cobot_TR20-1650C.png","width":800,"height":600},{"@type":"BreadcrumbList","@id":"https:\/\/www.turinrobotics.eu\/produkt\/tr20-1650c\/#breadcrumb","itemListElement":[{"@type":"ListItem","position":1,"name":"Strona g\u0142\u00f3wna","item":"https:\/\/www.turinrobotics.eu\/"},{"@type":"ListItem","position":2,"name":"Produkty","item":"https:\/\/www.turinrobotics.eu\/shop\/"},{"@type":"ListItem","position":3,"name":"TR20-1650C"}]},{"@type":"WebSite","@id":"https:\/\/www.turinrobotics.eu\/#website","url":"https:\/\/www.turinrobotics.eu\/","name":"TURIN Central Europe","description":"","publisher":{"@id":"https:\/\/www.turinrobotics.eu\/#organization"},"potentialAction":[{"@type":"SearchAction","target":{"@type":"EntryPoint","urlTemplate":"https:\/\/www.turinrobotics.eu\/?s={search_term_string}"},"query-input":{"@type":"PropertyValueSpecification","valueRequired":true,"valueName":"search_term_string"}}],"inLanguage":"uk"},{"@type":"Organization","@id":"https:\/\/www.turinrobotics.eu\/#organization","name":"TURIN - Empowering Automation with Advanced Robotics","url":"https:\/\/www.turinrobotics.eu\/","logo":{"@type":"ImageObject","inLanguage":"uk","@id":"https:\/\/www.turinrobotics.eu\/#\/schema\/logo\/image\/","url":"https:\/\/www.turinrobotics.eu\/wp-content\/uploads\/2025\/08\/logo.png","contentUrl":"https:\/\/www.turinrobotics.eu\/wp-content\/uploads\/2025\/08\/logo.png","width":331,"height":60,"caption":"TURIN - Empowering Automation with Advanced Robotics"},"image":{"@id":"https:\/\/www.turinrobotics.eu\/#\/schema\/logo\/image\/"}}]}},"_links":{"self":[{"href":"https:\/\/www.turinrobotics.eu\/uk\/wp-json\/wp\/v2\/product\/1072","targetHints":{"allow":["GET"]}}],"collection":[{"href":"https:\/\/www.turinrobotics.eu\/uk\/wp-json\/wp\/v2\/product"}],"about":[{"href":"https:\/\/www.turinrobotics.eu\/uk\/wp-json\/wp\/v2\/types\/product"}],"replies":[{"embeddable":true,"href":"https:\/\/www.turinrobotics.eu\/uk\/wp-json\/wp\/v2\/comments?post=1072"}],"wp:featuredmedia":[{"embeddable":true,"href":"https:\/\/www.turinrobotics.eu\/uk\/wp-json\/wp\/v2\/media\/1073"}],"wp:attachment":[{"href":"https:\/\/www.turinrobotics.eu\/uk\/wp-json\/wp\/v2\/media?parent=1072"}],"wp:term":[{"taxonomy":"product_brand","embeddable":true,"href":"https:\/\/www.turinrobotics.eu\/uk\/wp-json\/wp\/v2\/product_brand?post=1072"},{"taxonomy":"product_cat","embeddable":true,"href":"https:\/\/www.turinrobotics.eu\/uk\/wp-json\/wp\/v2\/product_cat?post=1072"},{"taxonomy":"product_tag","embeddable":true,"href":"https:\/\/www.turinrobotics.eu\/uk\/wp-json\/wp\/v2\/product_tag?post=1072"}],"curies":[{"name":"wp","href":"https:\/\/api.w.org\/{rel}","templated":true}]}}